{"id":3785,"date":"2025-06-23T03:42:52","date_gmt":"2025-06-23T03:42:52","guid":{"rendered":"https:\/\/regeneraenergy.es\/?page_id=3785"},"modified":"2025-07-31T16:47:33","modified_gmt":"2025-07-31T16:47:33","slug":"terms-and-conditions","status":"publish","type":"page","link":"https:\/\/regeneraenergy.es\/en\/terminos-y-condiciones\/","title":{"rendered":"Terms and Conditions"},"content":{"rendered":"<div data-elementor-type=\"wp-page\" data-elementor-id=\"3785\" class=\"elementor elementor-3785\" data-elementor-settings=\"{&quot;ha_cmc_init_switcher&quot;:&quot;no&quot;}\" data-elementor-post-type=\"page\">\n\t\t\t\t<div class=\"elementor-element elementor-element-0512c74 e-flex e-con-boxed e-con e-parent\" data-id=\"0512c74\" data-element_type=\"container\" data-e-type=\"container\" data-settings=\"{&quot;_ha_eqh_enable&quot;:false}\">\n\t\t\t\t\t<div class=\"e-con-inner\">\n\t\t\t\t<div class=\"elementor-element elementor-element-11f4ace elementor-widget elementor-widget-text-editor\" data-id=\"11f4ace\" data-element_type=\"widget\" data-e-type=\"widget\" data-widget_type=\"text-editor.default\">\n\t\t\t\t<div class=\"elementor-widget-container\">\n\t\t\t\t\t\t\t\t\t<h1 class=\"mt-5\">Terms and Conditions<\/h1><h2 class=\"mt-5\"><span style=\"color: #8cbd31;\">User information<\/span><\/h2><p>One of REGENERA's priorities is to guarantee the fundamental right to the protection of personal data. In this sense, REGENERA, with address at Calle de Molina de Segura 8, 30007 - MURCIA, and telephone: 968957885, informs consumers and users of the website www.regeneraenergy.es of its personal data protection policy, so that users may freely and voluntarily determine whether they wish to provide REGENERA with the personal data required for the provision of services or, where appropriate, the sale of products, the offer of quotations that they have previously requested by any means and for answering queries, on the occasion of subscription, registration or completion of any online data form.<\/p><h2 class=\"mt-5\"><span style=\"color: #8cbd31;\">Legal basis<\/span><\/h2><p>REGENERA hereinafter RESPONSIBLE, is responsible for the processing of the User's personal data and informs you that this data will be processed in accordance with the provisions of Regulation (EU) 2016\/679 of 27 April 2016 (GDPR) on the protection of natural persons with regard to the processing of personal data and the free movement of such data and of Organic Law 3\/2018 on the Protection of Personal Data and guarantee of digital rights.<\/p><h2 class=\"mt-5\"><span style=\"color: #8cbd31;\">Data Source<\/span><\/h2><p>The personal data collected on www.regeneraenergy.es comes from:<\/p><ul><li>- Curriculum Vitae Form<\/li><li>- Contact form<\/li><li>- Purposes of Data Processing<\/li><\/ul><p>When a user connects to this website and fills in and sends a form, he\/she is providing personal information for which REGENERA is responsible. This information may include personal data such as your IP address, name or user name (if applicable), e-mail address and other data provided in a message or attached files. By providing this information, you consent to your information being collected, used, managed and stored by REGENERA only as described in this Privacy Policy. In www.regeneraenergy.es there are different systems for capturing personal data. These personal data provided by the interested parties are processed for the following purpose for each capture system (forms):<\/p><ul><li><i class=\"fas fa-caret-right\"><\/i>\u00a0Contact form: The purpose for which personal data is collected is to manage requests and\/or respond to doubts, complaints, comments or concerns that users may have regarding the information included on the website, the services provided through the website, the processing of their personal data, questions regarding the legal texts included on the website, as well as any other query.<\/li><li><i class=\"fas fa-caret-right\"><\/i>\u00a0CV Form: The purpose for which personal data is collected is to manage the application for future job offers that may occur in our company.<\/li><li><i class=\"fas fa-caret-right\"><\/i>\u00a0Create the quotation account: The purpose is to obtain a quotation and other pre-contractual activities.<\/li><li><i class=\"fas fa-caret-right\"><\/i>\u00a0Sales form: to provide you with the requested service and invoice you for it.<\/li><\/ul><p>Users, by ticking the corresponding boxes and entering data in the fields marked with an asterisk (*) in the contact form or presented in download forms, expressly and freely and unequivocally accept that their data are necessary to meet their request, by the provider, being voluntary the inclusion of data in the remaining fields. The User guarantees that the personal data provided to the RESPONSIBLE are truthful and is responsible for communicating any changes to them.<\/p><p>There are other purposes for which your personal data is processed: To ensure compliance with the terms of use and applicable law. This may include the development of tools and algorithms that help this website to ensure the confidentiality of the personal data it collects.<\/p><p>To support and improve the services offered by this website. Other non-identifying data is also collected and obtained through some cookies that are downloaded to the device used by the user when browsing this website, which are detailed in the Cookies Policy.<\/p><p>In accordance with the provisions of article 5.1.e of the GDPR, the data must be kept in a form that allows identification of the data subjects for no longer than is necessary for the purposes of the processing of the personal data. We inform you that your data will be kept for as long as there is a mutual interest in maintaining the purpose of the processing and will subsequently be kept as a communication history, unless the user requests its deletion. In this case, they will be deleted with appropriate security measures to ensure the pseudonymisation of the data or their total destruction.<\/p><h2 class=\"mt-5\"><span style=\"color: #8cbd31;\">Data Communication<\/span><\/h2><p>The RESPONSIBLE expressly informs and guarantees users that their personal data will not be transferred under any circumstances to third parties except in those cases in which it is strictly necessary for the correct development, compliance and control of the professional relationship or in those cases in which it is authorised by a regulation with the status of law. All data requested through the website are obligatory, as they are necessary for the provision of an optimum service to the User. In the event that all the data is not provided, there is no guarantee that the information and services provided will be completely adapted to your needs.<\/p><h2 class=\"mt-5\"><span style=\"color: #8cbd31;\">User rights<\/span><\/h2><p>In application of EU Regulation 2016\/679 and LO-3\/2018, users who have provided their Personal Data may exercise the rights recognised in this Organic Law. In relation to the articles mentioned, they correspond to the European regulation.<\/p><h5 class=\"mt-5\">Access to data<\/h5><p>Users shall be free to request from the controller whether or not their personal data are being used, and if so, access to them and to all the accompanying information set out in Art. 15.<\/p><h5 class=\"mt-5\">Rectification of data<\/h5><p>Users may request the company to rectify inaccurate data being used, as well as to complete it, without undue delay.<\/p><h5 class=\"mt-5\">Deletion of data<\/h5><p>Users have the right to request from the data controller the erasure of their personal data without undue delay if any of the circumstances set out in art. 17 apply.<\/p><h5 class=\"mt-5\">Limitation of data processing<\/h5><p>Users shall have the right to obtain from the data controller the restriction of data processing when any of the conditions set out in art. 18 are met.<\/p><h5 class=\"mt-5\">Data portability<\/h5><p>Users shall have the right to obtain from the data controller the restriction of data processing when one of the conditions set out in Art. 20 is met.<\/p><h5 class=\"mt-5\">Opposition to the processing of data<\/h5><p>Users have the right to object to the use of their personal data under the conditions set out in art. 21.<\/p><p>To exercise any of your rights, you can contact the data controller by contacting the data controller at\u00a0<a href=\"mailto:info@regeneraenergy.es\">info@regeneraenergy.es<\/a>. In turn, users are also empowered to lodge a complaint with the competent authority and to take any legal action they deem appropriate.<\/p><h2 class=\"mt-5\"><span style=\"color: #8cbd31;\">Security measures<\/span><\/h2><p>That in accordance with the provisions of the current regulations on personal data protection, the RESPONSIBLE is complying with all the provisions of the GDPR regulations for the processing of personal data under its responsibility, and manifestly with the principles described in Article 5 of the GDPR, whereby they are processed lawfully, fairly and transparently in relation to the data subject and are adequate, relevant and limited to what is necessary in relation to the purposes for which they are processed.<\/p><p>The CONTROLLER guarantees that it has implemented appropriate technical and organisational policies to apply the security measures set out in the GDPR in order to protect the rights and freedoms of Users and has communicated appropriate information to them so that they can exercise them. You have the right to be informed free of charge about the data relating to your person stored by us, as well as, where appropriate, to the rectification, restriction of processing, transferability or deletion of such data.<\/p><p>If you have any questions concerning the collection, processing or use of your personal data, or if you wish to obtain information, correct, block or delete data, revoke any consent given or object to a particular use of the data, please contact us:\u00a0<a href=\"mailto:info@regeneraenergy.es\">info@regeneraenergy.es<\/a>\u00a0In addition, you may exercise your right to lodge a complaint with the competent data protection supervisory authority.<\/p><div id=\"simple-translate\" class=\"simple-translate-system-theme\"><div><div class=\"simple-translate-button isShow\" style=\"background-image: url('chrome-extension:\/\/ibplnjkanclpjokhdolnendpplpjiace\/icons\/512.png'); height: 22px; width: 22px; top: 193px; left: 358px;\">\u00a0<\/div><div class=\"simple-translate-panel\" style=\"width: 300px; height: 200px; top: 0px; left: 0px; font-size: 13px;\"><div class=\"simple-translate-result-wrapper\" style=\"overflow: hidden;\"><div class=\"simple-translate-move\" draggable=\"true\">\u00a0<\/div><div class=\"simple-translate-result-contents\"><p class=\"simple-translate-result\" dir=\"auto\">\u00a0<\/p><p class=\"simple-translate-candidate\" dir=\"auto\">\u00a0<\/p><\/div><\/div><\/div><\/div><\/div>\t\t\t\t\t\t\t\t<\/div>\n\t\t\t\t<\/div>\n\t\t\t\t\t<\/div>\n\t\t\t\t<\/div>\n\t\t\t\t<\/div>","protected":false},"excerpt":{"rendered":"<p>T\u00e9rminos y condiciones Informaci\u00f3n al usuario REGENERA tiene como una de sus prioridades garantizar el derecho fundamental a la protecci\u00f3n [&hellip;]<\/p>\n","protected":false},"author":1,"featured_media":0,"parent":0,"menu_order":0,"comment_status":"closed","ping_status":"closed","template":"","meta":{"_acf_changed":false,"site-sidebar-layout":"no-sidebar","site-content-layout":"","ast-site-content-layout":"full-width-container","site-content-style":"default","site-sidebar-style":"default","ast-global-header-display":"","ast-banner-title-visibility":"","ast-main-header-display":"","ast-hfb-above-header-display":"","ast-hfb-below-header-display":"","ast-hfb-mobile-header-display":"","site-post-title":"disabled","ast-breadcrumbs-content":"","ast-featured-img":"disabled","footer-sml-layout":"","ast-disable-related-posts":"","theme-transparent-header-meta":"default","adv-header-id-meta":"","stick-header-meta":"","header-above-stick-meta":"","header-main-stick-meta":"","header-below-stick-meta":"","astra-migrate-meta-layouts":"set","ast-page-background-enabled":"default","ast-page-background-meta":{"desktop":{"background-color":"var(--ast-global-color-5)","background-image":"","background-repeat":"repeat","background-position":"center center","background-size":"auto","background-attachment":"scroll","background-type":"","background-media":"","overlay-type":"","overlay-color":"","overlay-opacity":"","overlay-gradient":""},"tablet":{"background-color":"","background-image":"","background-repeat":"repeat","background-position":"center center","background-size":"auto","background-attachment":"scroll","background-type":"","background-media":"","overlay-type":"","overlay-color":"","overlay-opacity":"","overlay-gradient":""},"mobile":{"background-color":"","background-image":"","background-repeat":"repeat","background-position":"center center","background-size":"auto","background-attachment":"scroll","background-type":"","background-media":"","overlay-type":"","overlay-color":"","overlay-opacity":"","overlay-gradient":""}},"ast-content-background-meta":{"desktop":{"background-color":"var(--ast-global-color-4)","background-image":"","background-repeat":"repeat","background-position":"center center","background-size":"auto","background-attachment":"scroll","background-type":"","background-media":"","overlay-type":"","overlay-color":"","overlay-opacity":"","overlay-gradient":""},"tablet":{"background-color":"var(--ast-global-color-4)","background-image":"","background-repeat":"repeat","background-position":"center center","background-size":"auto","background-attachment":"scroll","background-type":"","background-media":"","overlay-type":"","overlay-color":"","overlay-opacity":"","overlay-gradient":""},"mobile":{"background-color":"var(--ast-global-color-4)","background-image":"","background-repeat":"repeat","background-position":"center center","background-size":"auto","background-attachment":"scroll","background-type":"","background-media":"","overlay-type":"","overlay-color":"","overlay-opacity":"","overlay-gradient":""}},"footnotes":""},"categories":[15],"tags":[],"class_list":["post-3785","page","type-page","status-publish","hentry","category-sin-categoria"],"acf":[],"yoast_head":"<!-- This site is optimized with the Yoast SEO Premium plugin v25.6 (Yoast SEO v27.2) - https:\/\/yoast.com\/product\/yoast-seo-premium-wordpress\/ -->\n<title>T\u00e9rminos y condiciones - Regenera Energy<\/title>\n<meta name=\"robots\" content=\"noindex, follow\" \/>\n<meta property=\"og:locale\" content=\"en_GB\" \/>\n<meta property=\"og:type\" content=\"article\" \/>\n<meta property=\"og:title\" content=\"T\u00e9rminos y condiciones\" \/>\n<meta property=\"og:description\" content=\"T\u00e9rminos y condiciones Informaci\u00f3n al usuario REGENERA tiene como una de sus prioridades garantizar el derecho fundamental a la protecci\u00f3n [&hellip;]\" \/>\n<meta property=\"og:url\" content=\"https:\/\/regeneraenergy.es\/en\/terms-and-conditions\/\" \/>\n<meta property=\"og:site_name\" content=\"Regenera Energy\" \/>\n<meta property=\"article:publisher\" content=\"https:\/\/www.facebook.com\/regeneraenergy\" \/>\n<meta property=\"article:modified_time\" content=\"2025-07-31T16:47:33+00:00\" \/>\n<meta property=\"og:image\" content=\"https:\/\/regeneraenergy.es\/wp-content\/uploads\/2025\/07\/logo-regenera-yoast.png\" \/>\n\t<meta property=\"og:image:width\" content=\"1200\" \/>\n\t<meta property=\"og:image:height\" content=\"675\" \/>\n\t<meta property=\"og:image:type\" content=\"image\/png\" \/>\n<meta name=\"twitter:card\" content=\"summary_large_image\" \/>\n<meta name=\"twitter:site\" content=\"@Regenera_energy\" \/>\n<meta name=\"twitter:label1\" content=\"Estimated reading time\" \/>\n\t<meta name=\"twitter:data1\" content=\"7 minutes\" \/>\n<script type=\"application\/ld+json\" class=\"yoast-schema-graph\">{\"@context\":\"https:\/\/schema.org\",\"@graph\":[{\"@type\":\"WebPage\",\"@id\":\"https:\/\/regeneraenergy.es\/terminos-y-condiciones\/\",\"url\":\"https:\/\/regeneraenergy.es\/terminos-y-condiciones\/\",\"name\":\"T\u00e9rminos y condiciones - Regenera Energy\",\"isPartOf\":{\"@id\":\"https:\/\/regeneraenergy.es\/#website\"},\"datePublished\":\"2025-06-23T03:42:52+00:00\",\"dateModified\":\"2025-07-31T16:47:33+00:00\",\"breadcrumb\":{\"@id\":\"https:\/\/regeneraenergy.es\/terminos-y-condiciones\/#breadcrumb\"},\"inLanguage\":\"en-GB\",\"potentialAction\":[{\"@type\":\"ReadAction\",\"target\":[\"https:\/\/regeneraenergy.es\/terminos-y-condiciones\/\"]}]},{\"@type\":\"BreadcrumbList\",\"@id\":\"https:\/\/regeneraenergy.es\/terminos-y-condiciones\/#breadcrumb\",\"itemListElement\":[{\"@type\":\"ListItem\",\"position\":1,\"name\":\"Home\",\"item\":\"https:\/\/regeneraenergy.es\/\"},{\"@type\":\"ListItem\",\"position\":2,\"name\":\"T\u00e9rminos y condiciones\"}]},{\"@type\":\"WebSite\",\"@id\":\"https:\/\/regeneraenergy.es\/#website\",\"url\":\"https:\/\/regeneraenergy.es\/\",\"name\":\"Regenera Energy\",\"description\":\"\",\"publisher\":{\"@id\":\"https:\/\/regeneraenergy.es\/#organization\"},\"potentialAction\":[{\"@type\":\"SearchAction\",\"target\":{\"@type\":\"EntryPoint\",\"urlTemplate\":\"https:\/\/regeneraenergy.es\/?s={search_term_string}\"},\"query-input\":{\"@type\":\"PropertyValueSpecification\",\"valueRequired\":true,\"valueName\":\"search_term_string\"}}],\"inLanguage\":\"en-GB\"},{\"@type\":\"Organization\",\"@id\":\"https:\/\/regeneraenergy.es\/#organization\",\"name\":\"Regenera Energy\",\"url\":\"https:\/\/regeneraenergy.es\/\",\"logo\":{\"@type\":\"ImageObject\",\"inLanguage\":\"en-GB\",\"@id\":\"https:\/\/regeneraenergy.es\/#\/schema\/logo\/image\/\",\"url\":\"https:\/\/regeneraenergy.es\/wp-content\/uploads\/2025\/06\/regenera_logo_verde-1-scaled.png\",\"contentUrl\":\"https:\/\/regeneraenergy.es\/wp-content\/uploads\/2025\/06\/regenera_logo_verde-1-scaled.png\",\"width\":2560,\"height\":437,\"caption\":\"Regenera Energy\"},\"image\":{\"@id\":\"https:\/\/regeneraenergy.es\/#\/schema\/logo\/image\/\"},\"sameAs\":[\"https:\/\/www.facebook.com\/regeneraenergy\",\"https:\/\/x.com\/Regenera_energy\",\"https:\/\/www.instagram.com\/regenera_energy\/\",\"https:\/\/www.linkedin.com\/company\/regenera-levante\/\"],\"description\":\"REGENERA es una Empresa de Servicios Energ\u00e9ticos enfocada en instalaciones industriales, eficiencia energ\u00e9tica, las energ\u00edas renovables y el medio ambiente que fue fundada en el a\u00f1o 2007.\",\"email\":\"info@regeneraenergy.es\",\"telephone\":\"968957885\",\"legalName\":\"Regenera Energy\",\"ownershipFundingInfo\":\"https:\/\/regeneraenergy.es\/nosotros\/\"}]}<\/script>\n<!-- \/ Yoast SEO Premium plugin. -->","yoast_head_json":{"title":"Terms and Conditions - Regenera Energy","robots":{"index":"noindex","follow":"follow"},"og_locale":"en_GB","og_type":"article","og_title":"T\u00e9rminos y condiciones","og_description":"T\u00e9rminos y condiciones Informaci\u00f3n al usuario REGENERA tiene como una de sus prioridades garantizar el derecho fundamental a la protecci\u00f3n [&hellip;]","og_url":"https:\/\/regeneraenergy.es\/en\/terms-and-conditions\/","og_site_name":"Regenera Energy","article_publisher":"https:\/\/www.facebook.com\/regeneraenergy","article_modified_time":"2025-07-31T16:47:33+00:00","og_image":[{"width":1200,"height":675,"url":"https:\/\/regeneraenergy.es\/wp-content\/uploads\/2025\/07\/logo-regenera-yoast.png","type":"image\/png"}],"twitter_card":"summary_large_image","twitter_site":"@Regenera_energy","twitter_misc":{"Estimated reading time":"7 minutes"},"schema":{"@context":"https:\/\/schema.org","@graph":[{"@type":"WebPage","@id":"https:\/\/regeneraenergy.es\/terminos-y-condiciones\/","url":"https:\/\/regeneraenergy.es\/terminos-y-condiciones\/","name":"Terms and Conditions - Regenera Energy","isPartOf":{"@id":"https:\/\/regeneraenergy.es\/#website"},"datePublished":"2025-06-23T03:42:52+00:00","dateModified":"2025-07-31T16:47:33+00:00","breadcrumb":{"@id":"https:\/\/regeneraenergy.es\/terminos-y-condiciones\/#breadcrumb"},"inLanguage":"en-GB","potentialAction":[{"@type":"ReadAction","target":["https:\/\/regeneraenergy.es\/terminos-y-condiciones\/"]}]},{"@type":"BreadcrumbList","@id":"https:\/\/regeneraenergy.es\/terminos-y-condiciones\/#breadcrumb","itemListElement":[{"@type":"ListItem","position":1,"name":"Home","item":"https:\/\/regeneraenergy.es\/"},{"@type":"ListItem","position":2,"name":"T\u00e9rminos y condiciones"}]},{"@type":"WebSite","@id":"https:\/\/regeneraenergy.es\/#website","url":"https:\/\/regeneraenergy.es\/","name":"Regenera Energy","description":"","publisher":{"@id":"https:\/\/regeneraenergy.es\/#organization"},"potentialAction":[{"@type":"SearchAction","target":{"@type":"EntryPoint","urlTemplate":"https:\/\/regeneraenergy.es\/?s={search_term_string}"},"query-input":{"@type":"PropertyValueSpecification","valueRequired":true,"valueName":"search_term_string"}}],"inLanguage":"en-GB"},{"@type":"Organization","@id":"https:\/\/regeneraenergy.es\/#organization","name":"Regenera Energy","url":"https:\/\/regeneraenergy.es\/","logo":{"@type":"ImageObject","inLanguage":"en-GB","@id":"https:\/\/regeneraenergy.es\/#\/schema\/logo\/image\/","url":"https:\/\/regeneraenergy.es\/wp-content\/uploads\/2025\/06\/regenera_logo_verde-1-scaled.png","contentUrl":"https:\/\/regeneraenergy.es\/wp-content\/uploads\/2025\/06\/regenera_logo_verde-1-scaled.png","width":2560,"height":437,"caption":"Regenera Energy"},"image":{"@id":"https:\/\/regeneraenergy.es\/#\/schema\/logo\/image\/"},"sameAs":["https:\/\/www.facebook.com\/regeneraenergy","https:\/\/x.com\/Regenera_energy","https:\/\/www.instagram.com\/regenera_energy\/","https:\/\/www.linkedin.com\/company\/regenera-levante\/"],"description":"REGENERA is an Energy Services Company focused on industrial installations, energy efficiency, renewable energies and the environment that was founded in 2007.","email":"info@regeneraenergy.es","telephone":"968957885","legalName":"Regenera Energy","ownershipFundingInfo":"https:\/\/regeneraenergy.es\/nosotros\/"}]}},"_links":{"self":[{"href":"https:\/\/regeneraenergy.es\/en\/wp-json\/wp\/v2\/pages\/3785","targetHints":{"allow":["GET"]}}],"collection":[{"href":"https:\/\/regeneraenergy.es\/en\/wp-json\/wp\/v2\/pages"}],"about":[{"href":"https:\/\/regeneraenergy.es\/en\/wp-json\/wp\/v2\/types\/page"}],"author":[{"embeddable":true,"href":"https:\/\/regeneraenergy.es\/en\/wp-json\/wp\/v2\/users\/1"}],"replies":[{"embeddable":true,"href":"https:\/\/regeneraenergy.es\/en\/wp-json\/wp\/v2\/comments?post=3785"}],"version-history":[{"count":0,"href":"https:\/\/regeneraenergy.es\/en\/wp-json\/wp\/v2\/pages\/3785\/revisions"}],"wp:attachment":[{"href":"https:\/\/regeneraenergy.es\/en\/wp-json\/wp\/v2\/media?parent=3785"}],"wp:term":[{"taxonomy":"category","embeddable":true,"href":"https:\/\/regeneraenergy.es\/en\/wp-json\/wp\/v2\/categories?post=3785"},{"taxonomy":"post_tag","embeddable":true,"href":"https:\/\/regeneraenergy.es\/en\/wp-json\/wp\/v2\/tags?post=3785"}],"curies":[{"name":"wp","href":"https:\/\/api.w.org\/{rel}","templated":true}]}}